{"id":159,"date":"2022-08-31T10:13:02","date_gmt":"2022-08-31T10:13:02","guid":{"rendered":"http:\/\/kristynasvihalkova.art\/?page_id=159"},"modified":"2025-10-10T14:01:59","modified_gmt":"2025-10-10T14:01:59","slug":"artistic-statement","status":"publish","type":"page","link":"http:\/\/kristynasvihalkova.art\/cs\/artistic-statement\/","title":{"rendered":"Artistic Statement"},"content":{"rendered":"<p class=\"has-text-align-left\">Sed\u00edm brzy r\u00e1no u rybn\u00edka a vy\u010dk\u00e1v\u00e1m, a\u017e se v d\u00e1li objev\u00ed slunce.<\/p>\n\n\n\n<p class=\"has-text-align-left\">Sed\u00edm s o\u010dima zav\u0159en\u00fdma a poslouch\u00e1m, jak v\u00edtr hraje na r\u00e1kos\u00ed.<\/p>\n\n\n\n<p class=\"has-text-align-left\">Sv\u011bt se pomalu probouz\u00ed, den za\u010d\u00edn\u00e1. Neo\u010dek\u00e1van\u00e9 se st\u00e1v\u00e1 o\u010dek\u00e1van\u00fdm a v\u0161edn\u00ed nev\u0161edn\u00edm.<\/p>\n\n\n\n<p class=\"has-text-align-left\">Sed\u00edm v t\u00e9 absolutn\u00ed kosmick\u00e9 harmonii, v\u00edtr pomalu ust\u00e1v\u00e1. Otev\u0159u o\u010di D\u00edv\u00e1m se do tmav\u00e9 hv\u011bzdami obsypan\u00e9 oblohy Tam kde den kon\u010d\u00ed, druh\u00fd den za\u010d\u00edn\u00e1.<\/p>\n\n\n\n<p>Sv\u011bt se pomalu vytr\u00e1c\u00ed do v\u0161udyp\u0159\u00edtomn\u00e9 pohody Neo\u010dek\u00e1van\u00e9 z\u016fst\u00e1v\u00e1 o\u010dek\u00e1van\u00fdm a v\u0161edn\u00ed se stalo nev\u0161edn\u00edm.<\/p>\n\n\n\n<p>Poka\u017ed\u00e9, kdy\u017e hraji, sed\u00edm u rybn\u00edka...<\/p>\n\n\n\n<figure class=\"wp-block-image size-large is-resized\"><img loading=\"lazy\" decoding=\"async\" width=\"1024\" height=\"806\" src=\"http:\/\/kristynasvihalkova.art\/wp-content\/uploads\/2022\/08\/P7267559-3-1024x806.jpg\" alt=\"\" class=\"wp-image-163\" style=\"width:1117px;height:879px\" srcset=\"http:\/\/kristynasvihalkova.art\/wp-content\/uploads\/2022\/08\/P7267559-3-1024x806.jpg 1024w, http:\/\/kristynasvihalkova.art\/wp-content\/uploads\/2022\/08\/P7267559-3-300x236.jpg 300w, http:\/\/kristynasvihalkova.art\/wp-content\/uploads\/2022\/08\/P7267559-3-768x604.jpg 768w, http:\/\/kristynasvihalkova.art\/wp-content\/uploads\/2022\/08\/P7267559-3-1536x1208.jpg 1536w, http:\/\/kristynasvihalkova.art\/wp-content\/uploads\/2022\/08\/P7267559-3-2048x1611.jpg 2048w, http:\/\/kristynasvihalkova.art\/wp-content\/uploads\/2022\/08\/P7267559-3-1140x897.jpg 1140w\" sizes=\"auto, (max-width: 1024px) 100vw, 1024px\" \/><figcaption class=\"wp-element-caption\">foto\/\u00faprava: Martin \u0160vih\u00e1lek\/Alena \u0160vih\u00e1lkov\u00e1<\/figcaption><\/figure>","protected":false},"excerpt":{"rendered":"<p>My performances and writings are artefacts for exploring the question of time in a particular moment. They are vehicles for its transformation. Time, for me, is a magical being. It has the power to change not only its flow but also its appearance and our perception of its passage. It plays with every participant, creating countless unique events in a single instant. I believe that creativity is the bridge between time and human beings, offering a chance to come closer to time in that rare moment of presence. By combining real sounds with the spoken and written word, I create spaces for possibility and self-interpretation. There are no differences between sounds. Each is extraordinary and precious. For as long as I can remember, my fascination with the world and the connections between its elements has been the magic of my daily life. I explored everything around me. Those sounds, rhythms, colors, and movements \u2014 through which everything in the sphere seems to dialogue with its structure \u2014 became my ideal form of communication. The most natural existence for me is silent slowness, which provides space for the inner life of every present element and allows for pure sincerity. In my work, I mirror a utopic version of the real world. Slowing things down, letting them move freely, and using everyday objects act as a form of resistance to a fast-moving society. My music and writings are depictions of the stories I observe and the world that surrounds me.<\/p>","protected":false},"author":1,"featured_media":0,"parent":0,"menu_order":0,"comment_status":"closed","ping_status":"closed","template":"","meta":{"footnotes":""},"class_list":["post-159","page","type-page","status-publish","hentry"],"_links":{"self":[{"href":"http:\/\/kristynasvihalkova.art\/cs\/wp-json\/wp\/v2\/pages\/159","targetHints":{"allow":["GET"]}}],"collection":[{"href":"http:\/\/kristynasvihalkova.art\/cs\/wp-json\/wp\/v2\/pages"}],"about":[{"href":"http:\/\/kristynasvihalkova.art\/cs\/wp-json\/wp\/v2\/types\/page"}],"author":[{"embeddable":true,"href":"http:\/\/kristynasvihalkova.art\/cs\/wp-json\/wp\/v2\/users\/1"}],"replies":[{"embeddable":true,"href":"http:\/\/kristynasvihalkova.art\/cs\/wp-json\/wp\/v2\/comments?post=159"}],"version-history":[{"count":7,"href":"http:\/\/kristynasvihalkova.art\/cs\/wp-json\/wp\/v2\/pages\/159\/revisions"}],"predecessor-version":[{"id":471,"href":"http:\/\/kristynasvihalkova.art\/cs\/wp-json\/wp\/v2\/pages\/159\/revisions\/471"}],"wp:attachment":[{"href":"http:\/\/kristynasvihalkova.art\/cs\/wp-json\/wp\/v2\/media?parent=159"}],"curies":[{"name":"wp","href":"https:\/\/api.w.org\/{rel}","templated":true}]}}