{"id":225,"date":"2024-02-10T15:01:10","date_gmt":"2024-02-10T15:01:10","guid":{"rendered":"http:\/\/kristynasvihalkova.art\/?page_id=225"},"modified":"2026-02-13T21:28:58","modified_gmt":"2026-02-13T21:28:58","slug":"home-2","status":"publish","type":"page","link":"http:\/\/kristynasvihalkova.art\/cs\/","title":{"rendered":"Dom\u016f"},"content":{"rendered":"<p class=\"has-text-align-center\">V\u00edtejte na m\u00e9 webov\u00e9 str\u00e1nce! Jmenuji se Krist\u00fdna Marie Elizabeth a jsem profesion\u00e1ln\u00ed bubenice, muzikantka, tv\u016frkyn\u011b interdisciplin\u00e1rn\u00edch projekt\u016f a badatelka. Krom\u011b zvuk\u016f m\u00e1m r\u00e1da tak\u00e9 p\u0159\u00edrodu a p\u0159\u00edb\u011bhy. Kdy\u017e m\u011b tedy nezastihnete u hudebn\u00edho n\u00e1stroje, najdete m\u011b na rajzu v hor\u00e1ch, nebo s dobrou knihou v ruce n\u011bkde u jezera.<\/p>\n\n\n\n<p class=\"has-text-align-center\">Pokud v\u00e1s zaj\u00edm\u00e1, jakou cestu jsem doposavad u\u0161la, zami\u0159te na <a href=\"http:\/\/kristynasvihalkova.art\/cs\/bio\/\"><strong>\u017divotopis<\/strong> <\/a>str\u00e1nku.<br>Jestli jste tu kv\u016fli poslechu a pod\u00edv\u00e1n\u00ed, koukn\u011bte na <a href=\"http:\/\/kristynasvihalkova.art\/cs\/repertoire\/\" data-type=\"page\" data-id=\"612\"><strong>Reperto\u00e1r<\/strong><\/a> str\u00e1nku.<br>Pokud v\u00e1s zaj\u00edm\u00e1 m\u00e1 hudebn\u011b-\u017eivotn\u00ed filozofie, p\u0159e\u010dt\u011bte si m\u016fj <a href=\"http:\/\/kristynasvihalkova.art\/cs\/artistic-statement\/\"><strong>Artistic Statement<\/strong><\/a>. <br>V p\u0159\u00edpad\u011b, \u017ee byste se r\u00e1di za\u010detli do m\u00fdch odborn\u00fdch publikac\u00ed, klikn\u011bte na <a href=\"http:\/\/kristynasvihalkova.art\/cs\/research\/\" data-type=\"page\" data-id=\"893\"><strong>V\u00fdzkum <\/strong><\/a>v hlavn\u00edm menu.<br>Jestli jste zv\u011bdav\u00ed, co, na jak\u00fdch autorsk\u00fdch projektech pracuji, pak zav\u00edtejte na <a href=\"http:\/\/kristynasvihalkova.art\/cs\/original-projects\/\" data-type=\"page\" data-id=\"1038\"><strong>Vlastn\u00ed projekty <\/strong><\/a>str\u00e1nku.<br>Nav\u0161tivte str\u00e1nku <a href=\"http:\/\/kristynasvihalkova.art\/cs\/events\/\" data-type=\"page\" data-id=\"1197\"><strong>Koncerty <\/strong><\/a>pro p\u0159ehled nadch\u00e1zej\u00edc\u00edch akc\u00ed.<\/p>\n\n\n\n<p class=\"has-text-align-center\">Kdybyste p\u0159eci jen nena\u0161li, co jste hledali, tak mi napi\u0161te e-mail na \u00a0<strong><a href=\"mailto:svihamusic@gmail.com\" target=\"_blank\" rel=\"noreferrer noopener\">svihamusic@gmail.com<\/a><\/strong><\/p>\n\n\n\n<p class=\"has-text-align-center\">T\u011b\u0161\u00edm se na vid\u011bnou na koncert\u011b!<\/p>\n\n\n<div class=\"wp-block-image\">\n<figure class=\"aligncenter size-large is-resized\"><img loading=\"lazy\" decoding=\"async\" width=\"903\" height=\"1024\" src=\"http:\/\/kristynasvihalkova.art\/wp-content\/uploads\/2024\/02\/IMG_20240125_142500-903x1024.jpg\" alt=\"\" class=\"wp-image-226\" style=\"width:606px;height:auto\" srcset=\"http:\/\/kristynasvihalkova.art\/wp-content\/uploads\/2024\/02\/IMG_20240125_142500-903x1024.jpg 903w, http:\/\/kristynasvihalkova.art\/wp-content\/uploads\/2024\/02\/IMG_20240125_142500-264x300.jpg 264w, http:\/\/kristynasvihalkova.art\/wp-content\/uploads\/2024\/02\/IMG_20240125_142500-768x871.jpg 768w, http:\/\/kristynasvihalkova.art\/wp-content\/uploads\/2024\/02\/IMG_20240125_142500-1354x1536.jpg 1354w, http:\/\/kristynasvihalkova.art\/wp-content\/uploads\/2024\/02\/IMG_20240125_142500-1805x2048.jpg 1805w, http:\/\/kristynasvihalkova.art\/wp-content\/uploads\/2024\/02\/IMG_20240125_142500-11x12.jpg 11w, http:\/\/kristynasvihalkova.art\/wp-content\/uploads\/2024\/02\/IMG_20240125_142500-1140x1293.jpg 1140w\" sizes=\"auto, (max-width: 903px) 100vw, 903px\" \/><\/figure><\/div>","protected":false},"excerpt":{"rendered":"<p>Hello and welcome to my website! My name is Krist\u00fdna Marie Elizabeth, and I\u00b4m a percussionist, musician, interdisciplinary project creator, and researcher. Apart from making sounds, I also enjoy storytelling and spending time in nature. So if you don\u00b4t catch me playing music, probably find me hiking in the mountains or reading a good book by the lakeside. If you want to know more about my musical journey and practice, visit the Bio page.If you\u2019d like to hear some of the works I interpret as a performer, visit the Repertoire page.If you\u2019re curious about my artistic philosophy, take a look at my Artistic Statement. If you\u2019re interested in my artistic research, click on Research in the main menu.To see what I\u2019m currently working on, check the Original Projects page.Visit the Events page for upcoming concerts. For additional information, feel free to send me a message at: \u00a0svihamusic@gmail.com I look forward to seeing you at a concert!<\/p>","protected":false},"author":1,"featured_media":0,"parent":0,"menu_order":0,"comment_status":"closed","ping_status":"closed","template":"","meta":{"footnotes":""},"class_list":["post-225","page","type-page","status-publish","hentry"],"_links":{"self":[{"href":"http:\/\/kristynasvihalkova.art\/cs\/wp-json\/wp\/v2\/pages\/225","targetHints":{"allow":["GET"]}}],"collection":[{"href":"http:\/\/kristynasvihalkova.art\/cs\/wp-json\/wp\/v2\/pages"}],"about":[{"href":"http:\/\/kristynasvihalkova.art\/cs\/wp-json\/wp\/v2\/types\/page"}],"author":[{"embeddable":true,"href":"http:\/\/kristynasvihalkova.art\/cs\/wp-json\/wp\/v2\/users\/1"}],"replies":[{"embeddable":true,"href":"http:\/\/kristynasvihalkova.art\/cs\/wp-json\/wp\/v2\/comments?post=225"}],"version-history":[{"count":28,"href":"http:\/\/kristynasvihalkova.art\/cs\/wp-json\/wp\/v2\/pages\/225\/revisions"}],"predecessor-version":[{"id":1206,"href":"http:\/\/kristynasvihalkova.art\/cs\/wp-json\/wp\/v2\/pages\/225\/revisions\/1206"}],"wp:attachment":[{"href":"http:\/\/kristynasvihalkova.art\/cs\/wp-json\/wp\/v2\/media?parent=225"}],"curies":[{"name":"wp","href":"https:\/\/api.w.org\/{rel}","templated":true}]}}