{"id":37,"date":"2022-08-30T13:41:46","date_gmt":"2022-08-30T13:41:46","guid":{"rendered":"http:\/\/kristynasvihalkova.art\/?page_id=37"},"modified":"2025-11-16T16:53:16","modified_gmt":"2025-11-16T16:53:16","slug":"home","status":"publish","type":"page","link":"http:\/\/kristynasvihalkova.art\/cs\/home\/","title":{"rendered":"Galerie"},"content":{"rendered":"<div class=\"wp-block-group\"><div class=\"wp-block-group__inner-container is-layout-constrained wp-block-group-is-layout-constrained\">\n<div class=\"wp-block-columns is-layout-flex wp-container-core-columns-is-layout-28f84493 wp-block-columns-is-layout-flex\">\n<div class=\"wp-block-column is-vertically-aligned-stretch is-layout-flow wp-block-column-is-layout-flow\">\n<figure class=\"wp-block-image size-large is-resized\"><img loading=\"lazy\" decoding=\"async\" width=\"683\" height=\"1024\" src=\"http:\/\/kristynasvihalkova.art\/wp-content\/uploads\/2022\/08\/NecoSiPrej-solofotky-20-683x1024.jpg\" alt=\"\" class=\"wp-image-99\" srcset=\"http:\/\/kristynasvihalkova.art\/wp-content\/uploads\/2022\/08\/NecoSiPrej-solofotky-20-683x1024.jpg 683w, http:\/\/kristynasvihalkova.art\/wp-content\/uploads\/2022\/08\/NecoSiPrej-solofotky-20-200x300.jpg 200w, http:\/\/kristynasvihalkova.art\/wp-content\/uploads\/2022\/08\/NecoSiPrej-solofotky-20-768x1152.jpg 768w, http:\/\/kristynasvihalkova.art\/wp-content\/uploads\/2022\/08\/NecoSiPrej-solofotky-20-1024x1536.jpg 1024w, http:\/\/kristynasvihalkova.art\/wp-content\/uploads\/2022\/08\/NecoSiPrej-solofotky-20-1365x2048.jpg 1365w, http:\/\/kristynasvihalkova.art\/wp-content\/uploads\/2022\/08\/NecoSiPrej-solofotky-20-1140x1710.jpg 1140w, http:\/\/kristynasvihalkova.art\/wp-content\/uploads\/2022\/08\/NecoSiPrej-solofotky-20-scaled.jpg 1706w\" sizes=\"auto, (max-width: 683px) 100vw, 683px\" \/><figcaption class=\"wp-element-caption\">Foto: Vojta K\u00e1ba<\/figcaption><\/figure>\n<\/div>\n\n\n\n<div class=\"wp-block-column is-vertically-aligned-stretch is-layout-flow wp-block-column-is-layout-flow\">\n<figure class=\"wp-block-image size-large is-resized\"><img loading=\"lazy\" decoding=\"async\" width=\"1024\" height=\"683\" src=\"http:\/\/kristynasvihalkova.art\/wp-content\/uploads\/2022\/08\/IMG_0035-1024x683.jpg\" alt=\"\" class=\"wp-image-97\" srcset=\"http:\/\/kristynasvihalkova.art\/wp-content\/uploads\/2022\/08\/IMG_0035-1024x683.jpg 1024w, http:\/\/kristynasvihalkova.art\/wp-content\/uploads\/2022\/08\/IMG_0035-300x200.jpg 300w, http:\/\/kristynasvihalkova.art\/wp-content\/uploads\/2022\/08\/IMG_0035-768x512.jpg 768w, http:\/\/kristynasvihalkova.art\/wp-content\/uploads\/2022\/08\/IMG_0035-1536x1024.jpg 1536w, http:\/\/kristynasvihalkova.art\/wp-content\/uploads\/2022\/08\/IMG_0035-2048x1365.jpg 2048w, http:\/\/kristynasvihalkova.art\/wp-content\/uploads\/2022\/08\/IMG_0035-1140x760.jpg 1140w\" sizes=\"auto, (max-width: 1024px) 100vw, 1024px\" \/><figcaption class=\"wp-element-caption\">Foto: Ema Tresov\u00e1<\/figcaption><\/figure>\n\n\n\n<figure class=\"wp-block-image size-large is-resized\"><img loading=\"lazy\" decoding=\"async\" width=\"1024\" height=\"683\" src=\"http:\/\/kristynasvihalkova.art\/wp-content\/uploads\/2022\/08\/cropped-210822_ne_3100-scaled-1-1024x683.jpg\" alt=\"\" class=\"wp-image-59\" srcset=\"http:\/\/kristynasvihalkova.art\/wp-content\/uploads\/2022\/08\/cropped-210822_ne_3100-scaled-1-1024x683.jpg 1024w, http:\/\/kristynasvihalkova.art\/wp-content\/uploads\/2022\/08\/cropped-210822_ne_3100-scaled-1-300x200.jpg 300w, http:\/\/kristynasvihalkova.art\/wp-content\/uploads\/2022\/08\/cropped-210822_ne_3100-scaled-1-768x512.jpg 768w, http:\/\/kristynasvihalkova.art\/wp-content\/uploads\/2022\/08\/cropped-210822_ne_3100-scaled-1-1536x1024.jpg 1536w, http:\/\/kristynasvihalkova.art\/wp-content\/uploads\/2022\/08\/cropped-210822_ne_3100-scaled-1-2048x1366.jpg 2048w, http:\/\/kristynasvihalkova.art\/wp-content\/uploads\/2022\/08\/cropped-210822_ne_3100-scaled-1-1140x760.jpg 1140w\" sizes=\"auto, (max-width: 1024px) 100vw, 1024px\" \/><figcaption class=\"wp-element-caption\">Ostravsk\u00e9 dny 2021<\/figcaption><\/figure>\n<\/div>\n\n\n\n<div class=\"wp-block-column is-vertically-aligned-stretch is-layout-flow wp-block-column-is-layout-flow\">\n<figure class=\"wp-block-image size-large\"><img loading=\"lazy\" decoding=\"async\" width=\"683\" height=\"1024\" src=\"http:\/\/kristynasvihalkova.art\/wp-content\/uploads\/2024\/02\/IMG_7684-1-683x1024.jpg\" alt=\"\" class=\"wp-image-253\" srcset=\"http:\/\/kristynasvihalkova.art\/wp-content\/uploads\/2024\/02\/IMG_7684-1-683x1024.jpg 683w, http:\/\/kristynasvihalkova.art\/wp-content\/uploads\/2024\/02\/IMG_7684-1-200x300.jpg 200w, http:\/\/kristynasvihalkova.art\/wp-content\/uploads\/2024\/02\/IMG_7684-1-768x1152.jpg 768w, http:\/\/kristynasvihalkova.art\/wp-content\/uploads\/2024\/02\/IMG_7684-1-1024x1536.jpg 1024w, http:\/\/kristynasvihalkova.art\/wp-content\/uploads\/2024\/02\/IMG_7684-1-8x12.jpg 8w, http:\/\/kristynasvihalkova.art\/wp-content\/uploads\/2024\/02\/IMG_7684-1-1140x1710.jpg 1140w, http:\/\/kristynasvihalkova.art\/wp-content\/uploads\/2024\/02\/IMG_7684-1.jpg 1365w\" sizes=\"auto, (max-width: 683px) 100vw, 683px\" \/><figcaption class=\"wp-element-caption\">Foto: M\u00edla Va\u0161\u00ed\u010dkov\u00e1<\/figcaption><\/figure>\n<\/div>\n<\/div>\n<\/div><\/div>\n\n\n\n<figure class=\"wp-block-image is-resized\"><img loading=\"lazy\" decoding=\"async\" width=\"1024\" height=\"682\" src=\"http:\/\/kristynasvihalkova.art\/wp-content\/uploads\/2022\/08\/20190614190452_JS2_5212-1024x682.jpg\" alt=\"\" class=\"wp-image-61\" style=\"width:1150px;height:auto\" srcset=\"http:\/\/kristynasvihalkova.art\/wp-content\/uploads\/2022\/08\/20190614190452_JS2_5212-1024x682.jpg 1024w, http:\/\/kristynasvihalkova.art\/wp-content\/uploads\/2022\/08\/20190614190452_JS2_5212-300x200.jpg 300w, http:\/\/kristynasvihalkova.art\/wp-content\/uploads\/2022\/08\/20190614190452_JS2_5212-768x511.jpg 768w, http:\/\/kristynasvihalkova.art\/wp-content\/uploads\/2022\/08\/20190614190452_JS2_5212-1536x1022.jpg 1536w, http:\/\/kristynasvihalkova.art\/wp-content\/uploads\/2022\/08\/20190614190452_JS2_5212-1140x759.jpg 1140w, http:\/\/kristynasvihalkova.art\/wp-content\/uploads\/2022\/08\/20190614190452_JS2_5212.jpg 1920w\" sizes=\"auto, (max-width: 1024px) 100vw, 1024px\" \/><\/figure>\n\n\n\n<p><\/p>\n\n\n\n<div class=\"wp-block-columns is-layout-flex wp-container-core-columns-is-layout-28f84493 wp-block-columns-is-layout-flex\">\n<div class=\"wp-block-column is-layout-flow wp-block-column-is-layout-flow\">\n<figure class=\"wp-block-image size-large is-resized\"><img loading=\"lazy\" decoding=\"async\" width=\"683\" height=\"1024\" src=\"http:\/\/kristynasvihalkova.art\/wp-content\/uploads\/2022\/08\/1-683x1024.jpg\" alt=\"\" class=\"wp-image-92\" srcset=\"http:\/\/kristynasvihalkova.art\/wp-content\/uploads\/2022\/08\/1-683x1024.jpg 683w, http:\/\/kristynasvihalkova.art\/wp-content\/uploads\/2022\/08\/1-200x300.jpg 200w, http:\/\/kristynasvihalkova.art\/wp-content\/uploads\/2022\/08\/1-768x1152.jpg 768w, http:\/\/kristynasvihalkova.art\/wp-content\/uploads\/2022\/08\/1-1024x1536.jpg 1024w, http:\/\/kristynasvihalkova.art\/wp-content\/uploads\/2022\/08\/1-1365x2048.jpg 1365w, http:\/\/kristynasvihalkova.art\/wp-content\/uploads\/2022\/08\/1-1140x1710.jpg 1140w, http:\/\/kristynasvihalkova.art\/wp-content\/uploads\/2022\/08\/1-scaled.jpg 1707w\" sizes=\"auto, (max-width: 683px) 100vw, 683px\" \/><figcaption class=\"wp-element-caption\">Foto: Vojta K\u00e1ba<\/figcaption><\/figure>\n<\/div>\n\n\n\n<div class=\"wp-block-column is-layout-flow wp-block-column-is-layout-flow\">\n<figure class=\"wp-block-image size-large is-resized\"><img loading=\"lazy\" decoding=\"async\" width=\"1024\" height=\"683\" src=\"http:\/\/kristynasvihalkova.art\/wp-content\/uploads\/2022\/08\/210822_ne_3214-1024x683.jpg\" alt=\"\" class=\"wp-image-94\" srcset=\"http:\/\/kristynasvihalkova.art\/wp-content\/uploads\/2022\/08\/210822_ne_3214-1024x683.jpg 1024w, http:\/\/kristynasvihalkova.art\/wp-content\/uploads\/2022\/08\/210822_ne_3214-300x200.jpg 300w, http:\/\/kristynasvihalkova.art\/wp-content\/uploads\/2022\/08\/210822_ne_3214-768x512.jpg 768w, http:\/\/kristynasvihalkova.art\/wp-content\/uploads\/2022\/08\/210822_ne_3214-1536x1024.jpg 1536w, http:\/\/kristynasvihalkova.art\/wp-content\/uploads\/2022\/08\/210822_ne_3214-2048x1365.jpg 2048w, http:\/\/kristynasvihalkova.art\/wp-content\/uploads\/2022\/08\/210822_ne_3214-1140x760.jpg 1140w\" sizes=\"auto, (max-width: 1024px) 100vw, 1024px\" \/><figcaption class=\"wp-element-caption\">Ostravsk\u00e9 dny 2021<\/figcaption><\/figure>\n\n\n\n<figure class=\"wp-block-image size-large is-resized\"><img loading=\"lazy\" decoding=\"async\" width=\"1024\" height=\"683\" src=\"http:\/\/kristynasvihalkova.art\/wp-content\/uploads\/2022\/08\/Neco_si_prej_Metro-29-1024x683.jpg\" alt=\"\" class=\"wp-image-98\" srcset=\"http:\/\/kristynasvihalkova.art\/wp-content\/uploads\/2022\/08\/Neco_si_prej_Metro-29-1024x683.jpg 1024w, http:\/\/kristynasvihalkova.art\/wp-content\/uploads\/2022\/08\/Neco_si_prej_Metro-29-300x200.jpg 300w, http:\/\/kristynasvihalkova.art\/wp-content\/uploads\/2022\/08\/Neco_si_prej_Metro-29-768x512.jpg 768w, http:\/\/kristynasvihalkova.art\/wp-content\/uploads\/2022\/08\/Neco_si_prej_Metro-29-1536x1024.jpg 1536w, http:\/\/kristynasvihalkova.art\/wp-content\/uploads\/2022\/08\/Neco_si_prej_Metro-29-2048x1365.jpg 2048w, http:\/\/kristynasvihalkova.art\/wp-content\/uploads\/2022\/08\/Neco_si_prej_Metro-29-1140x760.jpg 1140w\" sizes=\"auto, (max-width: 1024px) 100vw, 1024px\" \/><figcaption class=\"wp-element-caption\">Foto: Vojta K\u00e1ba<\/figcaption><\/figure>\n<\/div>\n\n\n\n<div class=\"wp-block-column is-layout-flow wp-block-column-is-layout-flow\">\n<figure class=\"wp-block-image size-large is-resized\"><img loading=\"lazy\" decoding=\"async\" width=\"683\" height=\"1024\" src=\"http:\/\/kristynasvihalkova.art\/wp-content\/uploads\/2022\/08\/NecoSiPrej-solofotky-21-683x1024.jpg\" alt=\"\" class=\"wp-image-100\" srcset=\"http:\/\/kristynasvihalkova.art\/wp-content\/uploads\/2022\/08\/NecoSiPrej-solofotky-21-683x1024.jpg 683w, http:\/\/kristynasvihalkova.art\/wp-content\/uploads\/2022\/08\/NecoSiPrej-solofotky-21-200x300.jpg 200w, http:\/\/kristynasvihalkova.art\/wp-content\/uploads\/2022\/08\/NecoSiPrej-solofotky-21-768x1152.jpg 768w, http:\/\/kristynasvihalkova.art\/wp-content\/uploads\/2022\/08\/NecoSiPrej-solofotky-21-1024x1536.jpg 1024w, http:\/\/kristynasvihalkova.art\/wp-content\/uploads\/2022\/08\/NecoSiPrej-solofotky-21-1365x2048.jpg 1365w, http:\/\/kristynasvihalkova.art\/wp-content\/uploads\/2022\/08\/NecoSiPrej-solofotky-21-1140x1710.jpg 1140w, http:\/\/kristynasvihalkova.art\/wp-content\/uploads\/2022\/08\/NecoSiPrej-solofotky-21-scaled.jpg 1707w\" sizes=\"auto, (max-width: 683px) 100vw, 683px\" \/><figcaption class=\"wp-element-caption\">Foto: Vojta K\u00e1ba<\/figcaption><\/figure>\n<\/div>\n<\/div>\n\n\n\n<figure class=\"wp-block-image size-large is-resized\"><img loading=\"lazy\" decoding=\"async\" width=\"1024\" height=\"684\" src=\"http:\/\/kristynasvihalkova.art\/wp-content\/uploads\/2024\/02\/download_20181018_192732-1024x684.png\" alt=\"\" class=\"wp-image-244\" style=\"width:1119px;height:auto\" srcset=\"http:\/\/kristynasvihalkova.art\/wp-content\/uploads\/2024\/02\/download_20181018_192732-1024x684.png 1024w, http:\/\/kristynasvihalkova.art\/wp-content\/uploads\/2024\/02\/download_20181018_192732-300x200.png 300w, http:\/\/kristynasvihalkova.art\/wp-content\/uploads\/2024\/02\/download_20181018_192732-768x513.png 768w, http:\/\/kristynasvihalkova.art\/wp-content\/uploads\/2024\/02\/download_20181018_192732-1536x1026.png 1536w, http:\/\/kristynasvihalkova.art\/wp-content\/uploads\/2024\/02\/download_20181018_192732-18x12.png 18w, http:\/\/kristynasvihalkova.art\/wp-content\/uploads\/2024\/02\/download_20181018_192732-1140x761.png 1140w, http:\/\/kristynasvihalkova.art\/wp-content\/uploads\/2024\/02\/download_20181018_192732.png 1875w\" sizes=\"auto, (max-width: 1024px) 100vw, 1024px\" \/><\/figure>\n\n\n\n<p><\/p>\n\n\n\n<div class=\"wp-block-group is-nowrap is-layout-flex wp-container-core-group-is-layout-6c531013 wp-block-group-is-layout-flex\">\n<div class=\"wp-block-group is-nowrap is-layout-flex wp-container-core-group-is-layout-6c531013 wp-block-group-is-layout-flex\">\n<div class=\"wp-block-group is-nowrap is-layout-flex wp-container-core-group-is-layout-6c531013 wp-block-group-is-layout-flex\">\n<figure class=\"wp-block-image size-large is-resized\"><img loading=\"lazy\" decoding=\"async\" width=\"683\" height=\"1024\" src=\"http:\/\/kristynasvihalkova.art\/wp-content\/uploads\/2024\/02\/A9_08727-2-683x1024.jpg\" alt=\"\" class=\"wp-image-259\" style=\"width:554px;height:auto\" srcset=\"http:\/\/kristynasvihalkova.art\/wp-content\/uploads\/2024\/02\/A9_08727-2-683x1024.jpg 683w, http:\/\/kristynasvihalkova.art\/wp-content\/uploads\/2024\/02\/A9_08727-2-200x300.jpg 200w, http:\/\/kristynasvihalkova.art\/wp-content\/uploads\/2024\/02\/A9_08727-2-768x1152.jpg 768w, http:\/\/kristynasvihalkova.art\/wp-content\/uploads\/2024\/02\/A9_08727-2-1024x1536.jpg 1024w, http:\/\/kristynasvihalkova.art\/wp-content\/uploads\/2024\/02\/A9_08727-2-1365x2048.jpg 1365w, http:\/\/kristynasvihalkova.art\/wp-content\/uploads\/2024\/02\/A9_08727-2-8x12.jpg 8w, http:\/\/kristynasvihalkova.art\/wp-content\/uploads\/2024\/02\/A9_08727-2-1140x1710.jpg 1140w, http:\/\/kristynasvihalkova.art\/wp-content\/uploads\/2024\/02\/A9_08727-2-scaled.jpg 1707w\" sizes=\"auto, (max-width: 683px) 100vw, 683px\" \/><figcaption class=\"wp-element-caption\">Foto: Filharmonie Brno<\/figcaption><\/figure>\n<\/div>\n<\/div>\n\n\n\n<figure class=\"wp-block-image size-full is-resized\"><img loading=\"lazy\" decoding=\"async\" width=\"640\" height=\"960\" src=\"http:\/\/kristynasvihalkova.art\/wp-content\/uploads\/2024\/02\/download_20181101_084812-1.jpg\" alt=\"\" class=\"wp-image-261\" style=\"width:553px;height:auto\" srcset=\"http:\/\/kristynasvihalkova.art\/wp-content\/uploads\/2024\/02\/download_20181101_084812-1.jpg 640w, http:\/\/kristynasvihalkova.art\/wp-content\/uploads\/2024\/02\/download_20181101_084812-1-200x300.jpg 200w, http:\/\/kristynasvihalkova.art\/wp-content\/uploads\/2024\/02\/download_20181101_084812-1-8x12.jpg 8w\" sizes=\"auto, (max-width: 640px) 100vw, 640px\" \/><figcaption class=\"wp-element-caption\">Foto: Studenti student\u016fm<\/figcaption><\/figure>\n<\/div>\n\n\n\n<p><\/p>\n\n\n\n<div class=\"wp-block-group is-nowrap is-layout-flex wp-container-core-group-is-layout-6c531013 wp-block-group-is-layout-flex\">\n<figure class=\"wp-block-image size-full is-resized\"><img loading=\"lazy\" decoding=\"async\" width=\"1024\" height=\"683\" src=\"http:\/\/kristynasvihalkova.art\/wp-content\/uploads\/2024\/02\/SIM_8678-2.jpg\" alt=\"\" class=\"wp-image-265\" style=\"width:560px;height:auto\" srcset=\"http:\/\/kristynasvihalkova.art\/wp-content\/uploads\/2024\/02\/SIM_8678-2.jpg 1024w, http:\/\/kristynasvihalkova.art\/wp-content\/uploads\/2024\/02\/SIM_8678-2-300x200.jpg 300w, http:\/\/kristynasvihalkova.art\/wp-content\/uploads\/2024\/02\/SIM_8678-2-768x512.jpg 768w, http:\/\/kristynasvihalkova.art\/wp-content\/uploads\/2024\/02\/SIM_8678-2-18x12.jpg 18w\" sizes=\"auto, (max-width: 1024px) 100vw, 1024px\" \/><figcaption class=\"wp-element-caption\">Foto: Simon Attila<\/figcaption><\/figure>\n\n\n\n<figure class=\"wp-block-image size-large is-resized\"><img loading=\"lazy\" decoding=\"async\" width=\"1024\" height=\"683\" src=\"http:\/\/kristynasvihalkova.art\/wp-content\/uploads\/2024\/02\/DSC_2752-3-1024x683.jpg\" alt=\"\" class=\"wp-image-266\" style=\"width:561px;height:auto\" srcset=\"http:\/\/kristynasvihalkova.art\/wp-content\/uploads\/2024\/02\/DSC_2752-3-1024x683.jpg 1024w, http:\/\/kristynasvihalkova.art\/wp-content\/uploads\/2024\/02\/DSC_2752-3-300x200.jpg 300w, http:\/\/kristynasvihalkova.art\/wp-content\/uploads\/2024\/02\/DSC_2752-3-768x512.jpg 768w, http:\/\/kristynasvihalkova.art\/wp-content\/uploads\/2024\/02\/DSC_2752-3-1536x1024.jpg 1536w, http:\/\/kristynasvihalkova.art\/wp-content\/uploads\/2024\/02\/DSC_2752-3-18x12.jpg 18w, http:\/\/kristynasvihalkova.art\/wp-content\/uploads\/2024\/02\/DSC_2752-3-1140x760.jpg 1140w, http:\/\/kristynasvihalkova.art\/wp-content\/uploads\/2024\/02\/DSC_2752-3.jpg 2048w\" sizes=\"auto, (max-width: 1024px) 100vw, 1024px\" \/><figcaption class=\"wp-element-caption\">Foto: M\u00edla Va\u0161\u00ed\u010dkov\u00e1<\/figcaption><\/figure>\n<\/div>\n\n\n\n<figure class=\"wp-block-image size-large is-resized\"><img loading=\"lazy\" decoding=\"async\" width=\"1024\" height=\"682\" src=\"http:\/\/kristynasvihalkova.art\/wp-content\/uploads\/2022\/08\/20190614200024_JS2_5725-1-1024x682.jpg\" alt=\"\" class=\"wp-image-101\" style=\"width:1131px;height:auto\" srcset=\"http:\/\/kristynasvihalkova.art\/wp-content\/uploads\/2022\/08\/20190614200024_JS2_5725-1-1024x682.jpg 1024w, http:\/\/kristynasvihalkova.art\/wp-content\/uploads\/2022\/08\/20190614200024_JS2_5725-1-300x200.jpg 300w, http:\/\/kristynasvihalkova.art\/wp-content\/uploads\/2022\/08\/20190614200024_JS2_5725-1-768x511.jpg 768w, http:\/\/kristynasvihalkova.art\/wp-content\/uploads\/2022\/08\/20190614200024_JS2_5725-1-1536x1022.jpg 1536w, http:\/\/kristynasvihalkova.art\/wp-content\/uploads\/2022\/08\/20190614200024_JS2_5725-1-1140x759.jpg 1140w, http:\/\/kristynasvihalkova.art\/wp-content\/uploads\/2022\/08\/20190614200024_JS2_5725-1.jpg 1920w\" sizes=\"auto, (max-width: 1024px) 100vw, 1024px\" \/><\/figure>\n\n\n\n<p><\/p>\n\n\n\n<div class=\"wp-block-group is-nowrap is-layout-flex wp-container-core-group-is-layout-6c531013 wp-block-group-is-layout-flex\">\n<figure class=\"wp-block-image size-large is-resized\"><img loading=\"lazy\" decoding=\"async\" width=\"1024\" height=\"654\" src=\"http:\/\/kristynasvihalkova.art\/wp-content\/uploads\/2022\/08\/OLB4860-1024x654.jpg\" alt=\"\" class=\"wp-image-105\" style=\"width:586px;height:auto\" srcset=\"http:\/\/kristynasvihalkova.art\/wp-content\/uploads\/2022\/08\/OLB4860-1024x654.jpg 1024w, http:\/\/kristynasvihalkova.art\/wp-content\/uploads\/2022\/08\/OLB4860-300x192.jpg 300w, http:\/\/kristynasvihalkova.art\/wp-content\/uploads\/2022\/08\/OLB4860-768x490.jpg 768w, http:\/\/kristynasvihalkova.art\/wp-content\/uploads\/2022\/08\/OLB4860-1536x981.jpg 1536w, http:\/\/kristynasvihalkova.art\/wp-content\/uploads\/2022\/08\/OLB4860-2048x1307.jpg 2048w, http:\/\/kristynasvihalkova.art\/wp-content\/uploads\/2022\/08\/OLB4860-1140x728.jpg 1140w\" sizes=\"auto, (max-width: 1024px) 100vw, 1024px\" \/><figcaption class=\"wp-element-caption\">Hausopera<\/figcaption><\/figure>\n\n\n\n<figure class=\"wp-block-image size-large is-resized\"><img loading=\"lazy\" decoding=\"async\" width=\"1024\" height=\"765\" src=\"http:\/\/kristynasvihalkova.art\/wp-content\/uploads\/2022\/08\/IMG-20210918-WA0006-1024x765.jpg\" alt=\"\" class=\"wp-image-106\" style=\"width:498px;height:auto\" srcset=\"http:\/\/kristynasvihalkova.art\/wp-content\/uploads\/2022\/08\/IMG-20210918-WA0006-1024x765.jpg 1024w, http:\/\/kristynasvihalkova.art\/wp-content\/uploads\/2022\/08\/IMG-20210918-WA0006-300x224.jpg 300w, http:\/\/kristynasvihalkova.art\/wp-content\/uploads\/2022\/08\/IMG-20210918-WA0006-768x574.jpg 768w, http:\/\/kristynasvihalkova.art\/wp-content\/uploads\/2022\/08\/IMG-20210918-WA0006-1536x1148.jpg 1536w, http:\/\/kristynasvihalkova.art\/wp-content\/uploads\/2022\/08\/IMG-20210918-WA0006-1140x852.jpg 1140w, http:\/\/kristynasvihalkova.art\/wp-content\/uploads\/2022\/08\/IMG-20210918-WA0006.jpg 1600w\" sizes=\"auto, (max-width: 1024px) 100vw, 1024px\" \/><figcaption class=\"wp-element-caption\">Hausopera<\/figcaption><\/figure>\n<\/div>\n\n\n\n<figure class=\"wp-block-image size-large is-resized\"><img loading=\"lazy\" decoding=\"async\" width=\"1024\" height=\"768\" src=\"http:\/\/kristynasvihalkova.art\/wp-content\/uploads\/2024\/02\/P7257521-2-1024x768.jpg\" alt=\"\" class=\"wp-image-262\" style=\"width:1102px;height:auto\" srcset=\"http:\/\/kristynasvihalkova.art\/wp-content\/uploads\/2024\/02\/P7257521-2-1024x768.jpg 1024w, http:\/\/kristynasvihalkova.art\/wp-content\/uploads\/2024\/02\/P7257521-2-300x225.jpg 300w, http:\/\/kristynasvihalkova.art\/wp-content\/uploads\/2024\/02\/P7257521-2-768x576.jpg 768w, http:\/\/kristynasvihalkova.art\/wp-content\/uploads\/2024\/02\/P7257521-2-1536x1152.jpg 1536w, http:\/\/kristynasvihalkova.art\/wp-content\/uploads\/2024\/02\/P7257521-2-2048x1536.jpg 2048w, http:\/\/kristynasvihalkova.art\/wp-content\/uploads\/2024\/02\/P7257521-2-16x12.jpg 16w, http:\/\/kristynasvihalkova.art\/wp-content\/uploads\/2024\/02\/P7257521-2-1140x855.jpg 1140w\" sizes=\"auto, (max-width: 1024px) 100vw, 1024px\" \/><figcaption class=\"wp-element-caption\">Foto: Martin \u0160vih\u00e1lek<\/figcaption><\/figure>\n\n\n\n<div class=\"wp-block-group is-nowrap is-layout-flex wp-container-core-group-is-layout-6c531013 wp-block-group-is-layout-flex\"><\/div>","protected":false},"excerpt":{"rendered":"","protected":false},"author":1,"featured_media":0,"parent":0,"menu_order":0,"comment_status":"closed","ping_status":"closed","template":"","meta":{"footnotes":"[]"},"class_list":["post-37","page","type-page","status-publish","hentry"],"_links":{"self":[{"href":"http:\/\/kristynasvihalkova.art\/cs\/wp-json\/wp\/v2\/pages\/37","targetHints":{"allow":["GET"]}}],"collection":[{"href":"http:\/\/kristynasvihalkova.art\/cs\/wp-json\/wp\/v2\/pages"}],"about":[{"href":"http:\/\/kristynasvihalkova.art\/cs\/wp-json\/wp\/v2\/types\/page"}],"author":[{"embeddable":true,"href":"http:\/\/kristynasvihalkova.art\/cs\/wp-json\/wp\/v2\/users\/1"}],"replies":[{"embeddable":true,"href":"http:\/\/kristynasvihalkova.art\/cs\/wp-json\/wp\/v2\/comments?post=37"}],"version-history":[{"count":41,"href":"http:\/\/kristynasvihalkova.art\/cs\/wp-json\/wp\/v2\/pages\/37\/revisions"}],"predecessor-version":[{"id":1037,"href":"http:\/\/kristynasvihalkova.art\/cs\/wp-json\/wp\/v2\/pages\/37\/revisions\/1037"}],"wp:attachment":[{"href":"http:\/\/kristynasvihalkova.art\/cs\/wp-json\/wp\/v2\/media?parent=37"}],"curies":[{"name":"wp","href":"https:\/\/api.w.org\/{rel}","templated":true}]}}