{"id":586,"date":"2025-11-14T20:52:34","date_gmt":"2025-11-14T20:52:34","guid":{"rendered":"http:\/\/kristynasvihalkova.art\/?page_id=586"},"modified":"2025-11-15T09:23:22","modified_gmt":"2025-11-15T09:23:22","slug":"t12-what-is-your-cathedral","status":"publish","type":"page","link":"http:\/\/kristynasvihalkova.art\/cs\/t12-what-is-your-cathedral\/","title":{"rendered":"T12 \u2013 Co je tv\u00e1 katedr\u00e1la?"},"content":{"rendered":"<p>M\u00edsto, kde:<\/p>\n\n\n\n<p class=\"has-text-align-right\">Se m\u016f\u017eete c\u00edtit bezpe\u010dn\u011b.<br>M\u016f\u017eete si hr\u00e1t, pozorovat, objevovat a p\u0159em\u00fd\u0161let.<br>M\u016f\u017eete svobodn\u011b projevovat emoce.<br>M\u016f\u017eete se schovat.<br>M\u016f\u017eete se uvolnit.<br>M\u016f\u017eete b\u00fdt sami sebou.<\/p>\n\n\n\n<p><br> Katedr\u00e1la <\/p>\n\n\n\n<p>Duben 2022<\/p>\n\n\n\n<figure class=\"wp-block-embed is-type-video is-provider-youtube wp-block-embed-youtube wp-embed-aspect-16-9 wp-has-aspect-ratio\"><div class=\"wp-block-embed__wrapper\">\n<iframe loading=\"lazy\" title=\"T12 \u2013 Co je tv\u00e1 katedr\u00e1la?\" width=\"960\" height=\"540\" src=\"https:\/\/www.youtube.com\/embed\/bN8cyu5FtjA?feature=oembed\" frameborder=\"0\" allow=\"accelerometer; autoplay; clipboard-write; encrypted-media; gyroscope; picture-in-picture; web-share\" referrerpolicy=\"strict-origin-when-cross-origin\" allowfullscreen><\/iframe>\n<\/div><\/figure>","protected":false},"excerpt":{"rendered":"<p>A place where: You can feel safe.You can play, observe, explore, and reflect.You can freely show emotions.You can hide.You can let go.You can be yourself. A cathedral. April 2022<\/p>","protected":false},"author":1,"featured_media":0,"parent":0,"menu_order":0,"comment_status":"closed","ping_status":"closed","template":"","meta":{"footnotes":""},"class_list":["post-586","page","type-page","status-publish","hentry"],"_links":{"self":[{"href":"http:\/\/kristynasvihalkova.art\/cs\/wp-json\/wp\/v2\/pages\/586","targetHints":{"allow":["GET"]}}],"collection":[{"href":"http:\/\/kristynasvihalkova.art\/cs\/wp-json\/wp\/v2\/pages"}],"about":[{"href":"http:\/\/kristynasvihalkova.art\/cs\/wp-json\/wp\/v2\/types\/page"}],"author":[{"embeddable":true,"href":"http:\/\/kristynasvihalkova.art\/cs\/wp-json\/wp\/v2\/users\/1"}],"replies":[{"embeddable":true,"href":"http:\/\/kristynasvihalkova.art\/cs\/wp-json\/wp\/v2\/comments?post=586"}],"version-history":[{"count":22,"href":"http:\/\/kristynasvihalkova.art\/cs\/wp-json\/wp\/v2\/pages\/586\/revisions"}],"predecessor-version":[{"id":743,"href":"http:\/\/kristynasvihalkova.art\/cs\/wp-json\/wp\/v2\/pages\/586\/revisions\/743"}],"wp:attachment":[{"href":"http:\/\/kristynasvihalkova.art\/cs\/wp-json\/wp\/v2\/media?parent=586"}],"curies":[{"name":"wp","href":"https:\/\/api.w.org\/{rel}","templated":true}]}}