{"id":602,"date":"2025-11-14T20:54:40","date_gmt":"2025-11-14T20:54:40","guid":{"rendered":"http:\/\/kristynasvihalkova.art\/?page_id=602"},"modified":"2025-11-15T09:15:15","modified_gmt":"2025-11-15T09:15:15","slug":"daydreaming","status":"publish","type":"page","link":"http:\/\/kristynasvihalkova.art\/cs\/daydreaming\/","title":{"rendered":"Denn\u00ed sn\u011bn\u00ed"},"content":{"rendered":"<p style=\"border-radius:0px\"><em>Lid\u00e9 vzn\u00e1\u0161ej\u00ed se nad zem\u00ed,<br>barvy ztratily svou z\u00e1\u0159,<br>sv\u011bt umlkl<br>a p\u0159es my\u0161lenky k\u0159i\u010d\u00edc\u00ed,\nnezn\u00e1m\u00fd hlas \u0161ept\u00e1: Kde jsi?<br><br>Tam, kam jeden r\u00e1d ut\u00edk\u00e1,<br>tam, kam vstupenkou je sen,<br>kde v\u0161echno \u0161patn\u00e9 miz\u00ed \u2013 zanik\u00e1,<br>to m\u00edsto, je\u017e kr\u00e1t\u00ed nekone\u010dn\u00fd den.<\/em><br><br>Denn\u00ed sn\u011bn\u00ed je multimedi\u00e1ln\u00ed kompozice spo\u010d\u00edvaj\u00edc\u00ed v rhizomatick\u00e9m spojen\u00ed ploch, vznikl\u00fdch na z\u00e1klad\u011b autor\u010diny b\u00e1sn\u011b a grafick\u00fdch partitur. Tyto celky pluj\u00edc\u00ed prostorem postupn\u011b p\u0159ich\u00e1zej\u00ed a odch\u00e1zej\u00ed, ob\u010das se navz\u00e1jem protnou, av\u0161ak nikdy si jeden druh\u00e9ho nepodman\u00ed \u2013 vz\u00e1jemn\u011b koexistuj\u00ed, tak jako obrazy a zvuky, kter\u00e9 vid\u00edme a sly\u0161\u00edme, kdy\u017e sn\u00edme s otev\u0159en\u00fdma o\u010dima. Polapen\u00e1 mysl se vzn\u00e1\u0161\u00ed mezi realitou a snem, dokud se nevych\u00fdl\u00ed k jedn\u00e9, \u010di druh\u00e9 stran\u011b.<br><br>Prosinec 2021<\/p>\n\n\n\n<figure class=\"wp-block-embed is-type-video is-provider-youtube wp-block-embed-youtube wp-embed-aspect-16-9 wp-has-aspect-ratio\"><div class=\"wp-block-embed__wrapper\">\n<iframe loading=\"lazy\" title=\"Denn\u00ed sn\u011bn\u00ed (Daydreaming)\" width=\"960\" height=\"540\" src=\"https:\/\/www.youtube.com\/embed\/HU3-cLKQdbM?feature=oembed\" frameborder=\"0\" allow=\"accelerometer; autoplay; clipboard-write; encrypted-media; gyroscope; picture-in-picture; web-share\" referrerpolicy=\"strict-origin-when-cross-origin\" allowfullscreen><\/iframe>\n<\/div><\/figure>","protected":false},"excerpt":{"rendered":"<p>People are hovering above the ground,colors have lost their radiance,the world fell silent and despite screaming thoughts,a strange voice whispers: Where are you? One likes to run away to this space.A dream is a ticket to get there.Where all bad things vanish \u2013 disappear.The world in which time shortens an endless day. Daydreaming is a multimedia composition consisting of the rhizomatic connection of parts based on the author&#8217;s poem and graphic scores. These space-floating units gradually come and go, sometimes intersecting each other, but they never conquer each other &#8211; they coexist, just like the images and sounds we see and hear when we dream with our eyes open. The trapped mind hovers between reality and dream until it turns off its course to one side or the other. December 2021<\/p>","protected":false},"author":1,"featured_media":0,"parent":0,"menu_order":0,"comment_status":"closed","ping_status":"closed","template":"","meta":{"footnotes":""},"class_list":["post-602","page","type-page","status-publish","hentry"],"_links":{"self":[{"href":"http:\/\/kristynasvihalkova.art\/cs\/wp-json\/wp\/v2\/pages\/602","targetHints":{"allow":["GET"]}}],"collection":[{"href":"http:\/\/kristynasvihalkova.art\/cs\/wp-json\/wp\/v2\/pages"}],"about":[{"href":"http:\/\/kristynasvihalkova.art\/cs\/wp-json\/wp\/v2\/types\/page"}],"author":[{"embeddable":true,"href":"http:\/\/kristynasvihalkova.art\/cs\/wp-json\/wp\/v2\/users\/1"}],"replies":[{"embeddable":true,"href":"http:\/\/kristynasvihalkova.art\/cs\/wp-json\/wp\/v2\/comments?post=602"}],"version-history":[{"count":5,"href":"http:\/\/kristynasvihalkova.art\/cs\/wp-json\/wp\/v2\/pages\/602\/revisions"}],"predecessor-version":[{"id":725,"href":"http:\/\/kristynasvihalkova.art\/cs\/wp-json\/wp\/v2\/pages\/602\/revisions\/725"}],"wp:attachment":[{"href":"http:\/\/kristynasvihalkova.art\/cs\/wp-json\/wp\/v2\/media?parent=602"}],"curies":[{"name":"wp","href":"https:\/\/api.w.org\/{rel}","templated":true}]}}