{"id":612,"date":"2025-11-14T21:41:14","date_gmt":"2025-11-14T21:41:14","guid":{"rendered":"http:\/\/kristynasvihalkova.art\/?page_id=612"},"modified":"2025-11-16T16:19:12","modified_gmt":"2025-11-16T16:19:12","slug":"repertoire","status":"publish","type":"page","link":"http:\/\/kristynasvihalkova.art\/cs\/repertoire\/","title":{"rendered":"Reperto\u00e1r"},"content":{"rendered":"<div class=\"wp-block-columns is-layout-flex wp-container-core-columns-is-layout-28f84493 wp-block-columns-is-layout-flex\">\n<div class=\"wp-block-column is-layout-flow wp-block-column-is-layout-flow\"><div class=\"wp-block-image\">\n<figure class=\"aligncenter size-large\"><a href=\"http:\/\/kristynasvihalkova.art\/cs\/contemporary-music-repertoire\/\"><img loading=\"lazy\" decoding=\"async\" width=\"1024\" height=\"683\" src=\"http:\/\/kristynasvihalkova.art\/wp-content\/uploads\/2024\/02\/A9_08743-1024x683.jpg\" alt=\"\" class=\"wp-image-257\" srcset=\"http:\/\/kristynasvihalkova.art\/wp-content\/uploads\/2024\/02\/A9_08743-1024x683.jpg 1024w, http:\/\/kristynasvihalkova.art\/wp-content\/uploads\/2024\/02\/A9_08743-300x200.jpg 300w, http:\/\/kristynasvihalkova.art\/wp-content\/uploads\/2024\/02\/A9_08743-768x512.jpg 768w, http:\/\/kristynasvihalkova.art\/wp-content\/uploads\/2024\/02\/A9_08743-1536x1024.jpg 1536w, http:\/\/kristynasvihalkova.art\/wp-content\/uploads\/2024\/02\/A9_08743-2048x1365.jpg 2048w, http:\/\/kristynasvihalkova.art\/wp-content\/uploads\/2024\/02\/A9_08743-18x12.jpg 18w, http:\/\/kristynasvihalkova.art\/wp-content\/uploads\/2024\/02\/A9_08743-1140x760.jpg 1140w\" sizes=\"auto, (max-width: 1024px) 100vw, 1024px\" \/><\/a><\/figure><\/div>\n\n\n<p class=\"has-text-align-center has-text-color has-link-color wp-elements-0b7dbf9a81b6175cb5d2536a51c5b015\" style=\"color:#18bf31\"><em><a href=\"http:\/\/kristynasvihalkova.art\/cs\/contemporary-music-repertoire\/\" data-type=\"page\" data-id=\"616\">Soudob\u00e1 hudba<\/a><\/em><\/p>\n<\/div>\n\n\n\n<div class=\"wp-block-column is-layout-flow wp-block-column-is-layout-flow\">\n<figure class=\"wp-block-image size-large\"><a href=\"http:\/\/kristynasvihalkova.art\/cs\/jazz-funk-film-score-others\/\"><img loading=\"lazy\" decoding=\"async\" width=\"1024\" height=\"684\" src=\"http:\/\/kristynasvihalkova.art\/wp-content\/uploads\/2025\/11\/FKP_6817-1024x684.jpg\" alt=\"\" class=\"wp-image-613\" srcset=\"http:\/\/kristynasvihalkova.art\/wp-content\/uploads\/2025\/11\/FKP_6817-1024x684.jpg 1024w, http:\/\/kristynasvihalkova.art\/wp-content\/uploads\/2025\/11\/FKP_6817-300x200.jpg 300w, http:\/\/kristynasvihalkova.art\/wp-content\/uploads\/2025\/11\/FKP_6817-768x513.jpg 768w, http:\/\/kristynasvihalkova.art\/wp-content\/uploads\/2025\/11\/FKP_6817-1536x1025.jpg 1536w, http:\/\/kristynasvihalkova.art\/wp-content\/uploads\/2025\/11\/FKP_6817-18x12.jpg 18w, http:\/\/kristynasvihalkova.art\/wp-content\/uploads\/2025\/11\/FKP_6817-1140x761.jpg 1140w, http:\/\/kristynasvihalkova.art\/wp-content\/uploads\/2025\/11\/FKP_6817-24x16.jpg 24w, http:\/\/kristynasvihalkova.art\/wp-content\/uploads\/2025\/11\/FKP_6817-36x24.jpg 36w, http:\/\/kristynasvihalkova.art\/wp-content\/uploads\/2025\/11\/FKP_6817-48x32.jpg 48w, http:\/\/kristynasvihalkova.art\/wp-content\/uploads\/2025\/11\/FKP_6817.jpg 2048w\" sizes=\"auto, (max-width: 1024px) 100vw, 1024px\" \/><\/a><\/figure>\n\n\n\n<p class=\"has-text-align-center has-text-color has-link-color wp-elements-8025cffe8d06ade0ac632b80fc9dcd86\" style=\"color:#18bf31\"><em><a href=\"http:\/\/kristynasvihalkova.art\/cs\/jazz-funk-film-score-others\/\" data-type=\"page\" data-id=\"681\">Jazz\/Funk\/Filmov\u00e1 hudba\/\u00dapln\u011b jin\u00e9 v\u011bci<\/a><\/em><\/p>\n<\/div>\n<\/div>\n\n\n\n<p><\/p>","protected":false},"excerpt":{"rendered":"<p>Contemporary Music Jazz\/Funk\/Film Score\/Others<\/p>","protected":false},"author":1,"featured_media":0,"parent":0,"menu_order":0,"comment_status":"closed","ping_status":"closed","template":"","meta":{"footnotes":""},"class_list":["post-612","page","type-page","status-publish","hentry"],"_links":{"self":[{"href":"http:\/\/kristynasvihalkova.art\/cs\/wp-json\/wp\/v2\/pages\/612","targetHints":{"allow":["GET"]}}],"collection":[{"href":"http:\/\/kristynasvihalkova.art\/cs\/wp-json\/wp\/v2\/pages"}],"about":[{"href":"http:\/\/kristynasvihalkova.art\/cs\/wp-json\/wp\/v2\/types\/page"}],"author":[{"embeddable":true,"href":"http:\/\/kristynasvihalkova.art\/cs\/wp-json\/wp\/v2\/users\/1"}],"replies":[{"embeddable":true,"href":"http:\/\/kristynasvihalkova.art\/cs\/wp-json\/wp\/v2\/comments?post=612"}],"version-history":[{"count":19,"href":"http:\/\/kristynasvihalkova.art\/cs\/wp-json\/wp\/v2\/pages\/612\/revisions"}],"predecessor-version":[{"id":982,"href":"http:\/\/kristynasvihalkova.art\/cs\/wp-json\/wp\/v2\/pages\/612\/revisions\/982"}],"wp:attachment":[{"href":"http:\/\/kristynasvihalkova.art\/cs\/wp-json\/wp\/v2\/media?parent=612"}],"curies":[{"name":"wp","href":"https:\/\/api.w.org\/{rel}","templated":true}]}}