{"id":681,"date":"2025-11-14T23:19:40","date_gmt":"2025-11-14T23:19:40","guid":{"rendered":"http:\/\/kristynasvihalkova.art\/?page_id=681"},"modified":"2026-01-23T22:59:33","modified_gmt":"2026-01-23T22:59:33","slug":"jazz-funk-film-score-others","status":"publish","type":"page","link":"http:\/\/kristynasvihalkova.art\/cs\/jazz-funk-film-score-others\/","title":{"rendered":"Jazz\/Funk\/Filmov\u00e1 hudba\/\u00dapln\u011b jin\u00e9 v\u011bci"},"content":{"rendered":"<div class=\"wp-block-columns is-layout-flex wp-container-core-columns-is-layout-28f84493 wp-block-columns-is-layout-flex\">\n<div class=\"wp-block-column is-layout-flow wp-block-column-is-layout-flow\">\n<figure class=\"wp-block-image size-large\"><a href=\"https:\/\/youtu.be\/laC79mAzGOI\"><img loading=\"lazy\" decoding=\"async\" width=\"1024\" height=\"683\" src=\"http:\/\/kristynasvihalkova.art\/wp-content\/uploads\/2025\/11\/Snimek-obrazovky-2025-11-15-122956-1024x683.png\" alt=\"\" class=\"wp-image-781\" srcset=\"http:\/\/kristynasvihalkova.art\/wp-content\/uploads\/2025\/11\/Snimek-obrazovky-2025-11-15-122956-1024x683.png 1024w, http:\/\/kristynasvihalkova.art\/wp-content\/uploads\/2025\/11\/Snimek-obrazovky-2025-11-15-122956-300x200.png 300w, http:\/\/kristynasvihalkova.art\/wp-content\/uploads\/2025\/11\/Snimek-obrazovky-2025-11-15-122956-768x512.png 768w, http:\/\/kristynasvihalkova.art\/wp-content\/uploads\/2025\/11\/Snimek-obrazovky-2025-11-15-122956-1536x1024.png 1536w, http:\/\/kristynasvihalkova.art\/wp-content\/uploads\/2025\/11\/Snimek-obrazovky-2025-11-15-122956-2048x1365.png 2048w, http:\/\/kristynasvihalkova.art\/wp-content\/uploads\/2025\/11\/Snimek-obrazovky-2025-11-15-122956-18x12.png 18w, http:\/\/kristynasvihalkova.art\/wp-content\/uploads\/2025\/11\/Snimek-obrazovky-2025-11-15-122956-1140x760.png 1140w, http:\/\/kristynasvihalkova.art\/wp-content\/uploads\/2025\/11\/Snimek-obrazovky-2025-11-15-122956-24x16.png 24w, http:\/\/kristynasvihalkova.art\/wp-content\/uploads\/2025\/11\/Snimek-obrazovky-2025-11-15-122956-36x24.png 36w, http:\/\/kristynasvihalkova.art\/wp-content\/uploads\/2025\/11\/Snimek-obrazovky-2025-11-15-122956-48x32.png 48w\" sizes=\"auto, (max-width: 1024px) 100vw, 1024px\" \/><\/a><\/figure>\n\n\n\n<p class=\"has-text-align-center\"><a href=\"https:\/\/youtu.be\/laC79mAzGOI\"><em>Times Like These by Gary Burton &amp; Makoto Ozone<\/em><\/a><\/p>\n<\/div>\n\n\n\n<div class=\"wp-block-column is-layout-flow wp-block-column-is-layout-flow\">\n<figure class=\"wp-block-image size-large\"><a href=\"https:\/\/www.youtube.com\/watch?v=y36GwhfHpng\"><img loading=\"lazy\" decoding=\"async\" width=\"1024\" height=\"683\" src=\"http:\/\/kristynasvihalkova.art\/wp-content\/uploads\/2025\/11\/Snimek-obrazovky-2025-11-15-121843-1024x683.png\" alt=\"\" class=\"wp-image-778\" srcset=\"http:\/\/kristynasvihalkova.art\/wp-content\/uploads\/2025\/11\/Snimek-obrazovky-2025-11-15-121843-1024x683.png 1024w, http:\/\/kristynasvihalkova.art\/wp-content\/uploads\/2025\/11\/Snimek-obrazovky-2025-11-15-121843-300x200.png 300w, http:\/\/kristynasvihalkova.art\/wp-content\/uploads\/2025\/11\/Snimek-obrazovky-2025-11-15-121843-768x512.png 768w, http:\/\/kristynasvihalkova.art\/wp-content\/uploads\/2025\/11\/Snimek-obrazovky-2025-11-15-121843-1536x1024.png 1536w, http:\/\/kristynasvihalkova.art\/wp-content\/uploads\/2025\/11\/Snimek-obrazovky-2025-11-15-121843-2048x1365.png 2048w, http:\/\/kristynasvihalkova.art\/wp-content\/uploads\/2025\/11\/Snimek-obrazovky-2025-11-15-121843-18x12.png 18w, http:\/\/kristynasvihalkova.art\/wp-content\/uploads\/2025\/11\/Snimek-obrazovky-2025-11-15-121843-1140x760.png 1140w, http:\/\/kristynasvihalkova.art\/wp-content\/uploads\/2025\/11\/Snimek-obrazovky-2025-11-15-121843-24x16.png 24w, http:\/\/kristynasvihalkova.art\/wp-content\/uploads\/2025\/11\/Snimek-obrazovky-2025-11-15-121843-36x24.png 36w, http:\/\/kristynasvihalkova.art\/wp-content\/uploads\/2025\/11\/Snimek-obrazovky-2025-11-15-121843-48x32.png 48w\" sizes=\"auto, (max-width: 1024px) 100vw, 1024px\" \/><\/a><\/figure>\n\n\n\n<p class=\"has-text-align-center\"><em><a href=\"https:\/\/www.youtube.com\/watch?v=y36GwhfHpng\">Twin Peaks Theme<\/a><\/em><\/p>\n<\/div>\n<\/div>\n\n\n\n<div class=\"wp-block-columns is-layout-flex wp-container-core-columns-is-layout-28f84493 wp-block-columns-is-layout-flex\">\n<div class=\"wp-block-column is-layout-flow wp-block-column-is-layout-flow\">\n<figure class=\"wp-block-image size-large\"><a href=\"https:\/\/youtube.com\/shorts\/QrFs3tZEY5k\"><img loading=\"lazy\" decoding=\"async\" width=\"1024\" height=\"683\" src=\"http:\/\/kristynasvihalkova.art\/wp-content\/uploads\/2025\/11\/Snimek-obrazovky-2025-11-15-122008-1024x683.png\" alt=\"\" class=\"wp-image-779\" srcset=\"http:\/\/kristynasvihalkova.art\/wp-content\/uploads\/2025\/11\/Snimek-obrazovky-2025-11-15-122008-1024x683.png 1024w, http:\/\/kristynasvihalkova.art\/wp-content\/uploads\/2025\/11\/Snimek-obrazovky-2025-11-15-122008-300x200.png 300w, http:\/\/kristynasvihalkova.art\/wp-content\/uploads\/2025\/11\/Snimek-obrazovky-2025-11-15-122008-768x512.png 768w, http:\/\/kristynasvihalkova.art\/wp-content\/uploads\/2025\/11\/Snimek-obrazovky-2025-11-15-122008-1536x1024.png 1536w, http:\/\/kristynasvihalkova.art\/wp-content\/uploads\/2025\/11\/Snimek-obrazovky-2025-11-15-122008-2048x1365.png 2048w, http:\/\/kristynasvihalkova.art\/wp-content\/uploads\/2025\/11\/Snimek-obrazovky-2025-11-15-122008-18x12.png 18w\" sizes=\"auto, (max-width: 1024px) 100vw, 1024px\" \/><\/a><\/figure>\n\n\n\n<p class=\"has-text-align-center\"><em><a href=\"https:\/\/youtube.com\/shorts\/QrFs3tZEY5k\">Johanina from Die Theorie von Allem<\/a><\/em><\/p>\n<\/div>\n\n\n\n<div class=\"wp-block-column is-layout-flow wp-block-column-is-layout-flow\">\n<figure class=\"wp-block-image size-large\"><a href=\"https:\/\/youtube.com\/shorts\/xvr1RPjxoLg?feature=share\"><img loading=\"lazy\" decoding=\"async\" width=\"1024\" height=\"683\" src=\"http:\/\/kristynasvihalkova.art\/wp-content\/uploads\/2025\/12\/Screenshot_2025_1223_212759-2-1024x683.jpg\" alt=\"\" class=\"wp-image-1154\" srcset=\"http:\/\/kristynasvihalkova.art\/wp-content\/uploads\/2025\/12\/Screenshot_2025_1223_212759-2-1024x683.jpg 1024w, http:\/\/kristynasvihalkova.art\/wp-content\/uploads\/2025\/12\/Screenshot_2025_1223_212759-2-300x200.jpg 300w, http:\/\/kristynasvihalkova.art\/wp-content\/uploads\/2025\/12\/Screenshot_2025_1223_212759-2-768x512.jpg 768w, http:\/\/kristynasvihalkova.art\/wp-content\/uploads\/2025\/12\/Screenshot_2025_1223_212759-2-1536x1024.jpg 1536w, http:\/\/kristynasvihalkova.art\/wp-content\/uploads\/2025\/12\/Screenshot_2025_1223_212759-2-18x12.jpg 18w, http:\/\/kristynasvihalkova.art\/wp-content\/uploads\/2025\/12\/Screenshot_2025_1223_212759-2-1140x760.jpg 1140w, http:\/\/kristynasvihalkova.art\/wp-content\/uploads\/2025\/12\/Screenshot_2025_1223_212759-2-24x16.jpg 24w, http:\/\/kristynasvihalkova.art\/wp-content\/uploads\/2025\/12\/Screenshot_2025_1223_212759-2-36x24.jpg 36w, http:\/\/kristynasvihalkova.art\/wp-content\/uploads\/2025\/12\/Screenshot_2025_1223_212759-2-48x32.jpg 48w, http:\/\/kristynasvihalkova.art\/wp-content\/uploads\/2025\/12\/Screenshot_2025_1223_212759-2.jpg 1620w\" sizes=\"auto, (max-width: 1024px) 100vw, 1024px\" \/><\/a><\/figure>\n\n\n\n<p class=\"has-text-align-center\"><em><a href=\"https:\/\/youtube.com\/shorts\/xvr1RPjxoLg?feature=share\">Skating by Vince Guaraldi<\/a><\/em><\/p>\n<\/div>\n<\/div>\n\n\n\n<div class=\"wp-block-columns is-layout-flex wp-container-core-columns-is-layout-28f84493 wp-block-columns-is-layout-flex\">\n<div class=\"wp-block-column is-layout-flow wp-block-column-is-layout-flow\">\n<figure class=\"wp-block-image size-large\"><a href=\"https:\/\/youtube.com\/shorts\/-UjjwznSsSg?feature=share\"><img loading=\"lazy\" decoding=\"async\" width=\"1024\" height=\"683\" src=\"http:\/\/kristynasvihalkova.art\/wp-content\/uploads\/2025\/12\/Screenshot_2025_1223_221525-1024x683.jpg\" alt=\"\" class=\"wp-image-1160\" srcset=\"http:\/\/kristynasvihalkova.art\/wp-content\/uploads\/2025\/12\/Screenshot_2025_1223_221525-1024x683.jpg 1024w, http:\/\/kristynasvihalkova.art\/wp-content\/uploads\/2025\/12\/Screenshot_2025_1223_221525-300x200.jpg 300w, http:\/\/kristynasvihalkova.art\/wp-content\/uploads\/2025\/12\/Screenshot_2025_1223_221525-768x512.jpg 768w, http:\/\/kristynasvihalkova.art\/wp-content\/uploads\/2025\/12\/Screenshot_2025_1223_221525-1536x1024.jpg 1536w, http:\/\/kristynasvihalkova.art\/wp-content\/uploads\/2025\/12\/Screenshot_2025_1223_221525-18x12.jpg 18w, http:\/\/kristynasvihalkova.art\/wp-content\/uploads\/2025\/12\/Screenshot_2025_1223_221525-1140x760.jpg 1140w, http:\/\/kristynasvihalkova.art\/wp-content\/uploads\/2025\/12\/Screenshot_2025_1223_221525-24x16.jpg 24w, http:\/\/kristynasvihalkova.art\/wp-content\/uploads\/2025\/12\/Screenshot_2025_1223_221525-36x24.jpg 36w, http:\/\/kristynasvihalkova.art\/wp-content\/uploads\/2025\/12\/Screenshot_2025_1223_221525-48x32.jpg 48w, http:\/\/kristynasvihalkova.art\/wp-content\/uploads\/2025\/12\/Screenshot_2025_1223_221525.jpg 1620w\" sizes=\"auto, (max-width: 1024px) 100vw, 1024px\" \/><\/a><\/figure>\n\n\n\n<p class=\"has-text-align-center\"><em><a href=\"https:\/\/youtube.com\/shorts\/-UjjwznSsSg?feature=share\">The Rolling Wave Jig<\/a><\/em><\/p>\n<\/div>\n\n\n\n<div class=\"wp-block-column is-layout-flow wp-block-column-is-layout-flow\">\n<figure class=\"wp-block-image size-large\"><a href=\"https:\/\/youtube.com\/shorts\/KS3A4xAKqBc?feature=share\"><img loading=\"lazy\" decoding=\"async\" width=\"1024\" height=\"683\" src=\"http:\/\/kristynasvihalkova.art\/wp-content\/uploads\/2025\/12\/Screenshot_2025_1223_2125461-1024x683.jpg\" alt=\"\" class=\"wp-image-1152\" srcset=\"http:\/\/kristynasvihalkova.art\/wp-content\/uploads\/2025\/12\/Screenshot_2025_1223_2125461-1024x683.jpg 1024w, http:\/\/kristynasvihalkova.art\/wp-content\/uploads\/2025\/12\/Screenshot_2025_1223_2125461-300x200.jpg 300w, http:\/\/kristynasvihalkova.art\/wp-content\/uploads\/2025\/12\/Screenshot_2025_1223_2125461-768x512.jpg 768w, http:\/\/kristynasvihalkova.art\/wp-content\/uploads\/2025\/12\/Screenshot_2025_1223_2125461-1536x1024.jpg 1536w, http:\/\/kristynasvihalkova.art\/wp-content\/uploads\/2025\/12\/Screenshot_2025_1223_2125461-18x12.jpg 18w, http:\/\/kristynasvihalkova.art\/wp-content\/uploads\/2025\/12\/Screenshot_2025_1223_2125461-1140x760.jpg 1140w, http:\/\/kristynasvihalkova.art\/wp-content\/uploads\/2025\/12\/Screenshot_2025_1223_2125461-24x16.jpg 24w, http:\/\/kristynasvihalkova.art\/wp-content\/uploads\/2025\/12\/Screenshot_2025_1223_2125461-36x24.jpg 36w, http:\/\/kristynasvihalkova.art\/wp-content\/uploads\/2025\/12\/Screenshot_2025_1223_2125461-48x32.jpg 48w, http:\/\/kristynasvihalkova.art\/wp-content\/uploads\/2025\/12\/Screenshot_2025_1223_2125461.jpg 1620w\" sizes=\"auto, (max-width: 1024px) 100vw, 1024px\" \/><\/a><\/figure>\n\n\n\n<p class=\"has-text-align-center\"><em><a href=\"https:\/\/youtube.com\/shorts\/KS3A4xAKqBc?feature=share\">Some Skunk Funk by Brecker Brothers<\/a><\/em><\/p>\n<\/div>\n<\/div>\n\n\n\n<p><\/p>","protected":false},"excerpt":{"rendered":"<p>Times Like These by Gary Burton &amp; Makoto Ozone Twin Peaks Theme Johanina from Die Theorie von Allem Skating by Vince Guaraldi The Rolling Wave Jig Some Skunk Funk by Brecker Brothers<\/p>","protected":false},"author":1,"featured_media":0,"parent":0,"menu_order":0,"comment_status":"closed","ping_status":"closed","template":"","meta":{"footnotes":""},"class_list":["post-681","page","type-page","status-publish","hentry"],"_links":{"self":[{"href":"http:\/\/kristynasvihalkova.art\/cs\/wp-json\/wp\/v2\/pages\/681","targetHints":{"allow":["GET"]}}],"collection":[{"href":"http:\/\/kristynasvihalkova.art\/cs\/wp-json\/wp\/v2\/pages"}],"about":[{"href":"http:\/\/kristynasvihalkova.art\/cs\/wp-json\/wp\/v2\/types\/page"}],"author":[{"embeddable":true,"href":"http:\/\/kristynasvihalkova.art\/cs\/wp-json\/wp\/v2\/users\/1"}],"replies":[{"embeddable":true,"href":"http:\/\/kristynasvihalkova.art\/cs\/wp-json\/wp\/v2\/comments?post=681"}],"version-history":[{"count":17,"href":"http:\/\/kristynasvihalkova.art\/cs\/wp-json\/wp\/v2\/pages\/681\/revisions"}],"predecessor-version":[{"id":1167,"href":"http:\/\/kristynasvihalkova.art\/cs\/wp-json\/wp\/v2\/pages\/681\/revisions\/1167"}],"wp:attachment":[{"href":"http:\/\/kristynasvihalkova.art\/cs\/wp-json\/wp\/v2\/media?parent=681"}],"curies":[{"name":"wp","href":"https:\/\/api.w.org\/{rel}","templated":true}]}}