{"id":697,"date":"2025-11-15T08:26:08","date_gmt":"2025-11-15T08:26:08","guid":{"rendered":"http:\/\/kristynasvihalkova.art\/?page_id=697"},"modified":"2025-11-15T14:19:39","modified_gmt":"2025-11-15T14:19:39","slug":"h1-2gt2","status":"publish","type":"page","link":"http:\/\/kristynasvihalkova.art\/cs\/h1-2gt2\/","title":{"rendered":"Voln\u00fd p\u00e1d"},"content":{"rendered":"<p>\u210e = 1\/2 \ud835\udc54\ud835\udc61^2 je m\u016fj magistersk\u00fd absolventsk\u00fd projekt. T\u00e9matem tohoto s\u00f3lov\u00e9ho recit\u00e1lu zahrnuj\u00edc\u00edho prvky experiment\u00e1ln\u00edho hudebn\u00edho divadla je cesta za hled\u00e1n\u00edm svobody. Co toto prchav\u00e9 slovo skute\u010dn\u011b znamen\u00e1? Jedn\u00e1 se o stav byt\u00ed, pocit nebo zp\u016fsob, jak\u00fdm jedn\u00e1me? Mus\u00edme vystoupit ze sv\u00e9 komfortn\u00ed z\u00f3ny, abychom objevili volnost? Rozhodujeme se v\u017edy ve jm\u00e9nu svobody? Opravdu si j\u00ed v\u00e1\u017e\u00edme? M\u016f\u017ee n\u00e1m b\u00fdt svoboda n\u011bkdy odebr\u00e1na? Kde ji m\u016f\u017eeme znovu nal\u00e9zt? Na tyto ot\u00e1zky jsem se v r\u00e1mci p\u0159\u00edpravy m\u00e9ho koncertu hled\u00e1m prost\u0159ednictv\u00edm hudby, mluven\u00e9ho a psan\u00e9ho slova, prostoru a pohybu odpov\u011bdi.<\/p>\n\n\n\n<p>1. Georges Aperghis \u2013 Le corps \u00e0 corps<br>2. Casey Cangelosi \u2013 Bad Touch<br>3. Julie Spencer \u2013 Everybody Talk About Freedom<br>4. Yuji Takahashi \u2013 The Wolf<br>5. Mar\u00eda Bulla \u2013 Mountains<br>6. Jacob Druckman \u2013 Reflections on the Nature of Water<br>     I. 1 Crystalline<br>    II. 2 Fleet<br>   III. 3 Tranquil<br>   IV. 4 Gently Swelling<br>    V. 6 Relentless<br>   VI. 5 Profound<\/p>\n\n\n\n<p>Svoboda je jednou z \u017eivotn\u00edch z\u00e1had, kter\u00e1 m\u011b fascinuje, co si pamatuji. Kdykoli se sna\u017e\u00edm uchopit jej\u00ed podstatu, natahuji ruku a u\u017e ji skoro c\u00edt\u00edm na \u0161pi\u010dk\u00e1ch prst\u016f, v\u017edy mi unikne. Pr\u00e1ce na m\u00e9m koncertu m\u011b v\u0161ak p\u0159ibl\u00ed\u017eila alespo\u0148 trochu k pravd\u011b, i kdy\u017e jen na kr\u00e1tk\u00fd okam\u017eik.<\/p>\n\n\n\n<p>B\u0159ezen 2021<\/p>\n\n\n\n<div class=\"wp-block-columns is-layout-flex wp-container-core-columns-is-layout-28f84493 wp-block-columns-is-layout-flex\">\n<div class=\"wp-block-column is-layout-flow wp-block-column-is-layout-flow\">\n<figure class=\"wp-block-embed is-type-video is-provider-youtube wp-block-embed-youtube wp-embed-aspect-16-9 wp-has-aspect-ratio\"><div class=\"wp-block-embed__wrapper\">\n<iframe loading=\"lazy\" title=\"\u210e = 1\/2 \ud835\udc54\ud835\udc61^2 (solo percussion recital)\" width=\"960\" height=\"540\" src=\"https:\/\/www.youtube.com\/embed\/oPQqYjHNoFQ?feature=oembed\" frameborder=\"0\" allow=\"accelerometer; autoplay; clipboard-write; encrypted-media; gyroscope; picture-in-picture; web-share\" referrerpolicy=\"strict-origin-when-cross-origin\" allowfullscreen><\/iframe>\n<\/div><\/figure>\n<\/div>\n\n\n\n<div class=\"wp-block-column is-layout-flow wp-block-column-is-layout-flow\">\n<figure class=\"wp-block-embed is-type-video is-provider-youtube wp-block-embed-youtube wp-embed-aspect-16-9 wp-has-aspect-ratio\"><div class=\"wp-block-embed__wrapper\">\n<iframe loading=\"lazy\" title=\"h=1\/2 gt^2 (solo percussion recital) \u2013 complete video\" width=\"960\" height=\"540\" src=\"https:\/\/www.youtube.com\/embed\/1OWpz9F97_Q?feature=oembed\" frameborder=\"0\" allow=\"accelerometer; autoplay; clipboard-write; encrypted-media; gyroscope; picture-in-picture; web-share\" referrerpolicy=\"strict-origin-when-cross-origin\" allowfullscreen><\/iframe>\n<\/div><\/figure>\n<\/div>\n<\/div>\n\n\n\n<div class=\"wp-block-columns is-layout-flex wp-container-core-columns-is-layout-28f84493 wp-block-columns-is-layout-flex\">\n<div class=\"wp-block-column is-layout-flow wp-block-column-is-layout-flow\">\n<p class=\"has-text-align-center\"><em>Kr\u00e1tk\u00fd sest\u0159ih koncertu<\/em><\/p>\n<\/div>\n\n\n\n<div class=\"wp-block-column is-layout-flow wp-block-column-is-layout-flow\">\n<p class=\"has-text-align-center\"><em>Pln\u00fd z\u00e1znam koncertu<\/em><\/p>\n<\/div>\n<\/div>\n\n\n\n<p>Pokud v\u00e1s zaj\u00edm\u00e1, jak vn\u00edm\u00e1m svobodu ve v\u0161ech t\u011bchto skladb\u00e1ch, m\u016f\u017eete nahl\u00e9dnout do m\u00e9ho koncertn\u00edho programu.<\/p>\n\n\n\n<div class=\"wp-block-pdf-viewer-block-standard\" style=\"text-align:left\"><div class=\"uploaded-pdf\"><a href=\"http:\/\/kristynasvihalkova.art\/wp-content\/uploads\/2025\/11\/finalni-program.pdf\" data-width=\"\" data-height=\"\"><\/a><\/div><\/div>\n\n\n\n<p><\/p>","protected":false},"excerpt":{"rendered":"<p>\u210e = 1\/2 \ud835\udc54\ud835\udc61^2 is my master&#8217;s degree graduation project. This solo percussion recital incorporates elements of experimental musical theatre and embodies the concept of freedom. What does this fleeting word truly mean? Is it about the state of being, a feeling, or the way we act? Do we need to step out of our comfort zones to discover liberty? Do we always make our decisions in the name of freedom? Do we truly appreciate being free? Can freedom ever be taken away? Where can we find it? The performer seeks answers through music, spoken and written words, space, and movement. 1. Georges Aperghis \u2013 Le corps \u00e0 corps2. Casey Cangelosi \u2013 Bad Touch3. Julie Spencer \u2013 Everybody Talk About Freedom4. Yuji Takahashi \u2013 The Wolf5. Mar\u00eda Bulla \u2013 Mountains6. Jacob Druckman \u2013 Reflections on the Nature of Water I. 1 Crystalline II. 2 Fleet III. 3 Tranquil IV. 4 Gently Swelling V. 6 Relentless VI. 5 Profound Freedom is one of life\u2019s mysteries that has intrigued me for as long as I can remember. Whenever I reach for the essence of freedom, I can feel the traces of truth on my fingertips, but it always eludes me. However, working on these pieces, both mentally and physically, has brought me a little closer to that truth, even if only for a brief moment. March 2021 Teaser Trailer for the Concert Full Concert Video If you want to know more about how I perceive freedom in all of these pieces, you can have a look at my concert program notes. Unfortunately, the text is only in Czech.<\/p>","protected":false},"author":1,"featured_media":0,"parent":0,"menu_order":0,"comment_status":"closed","ping_status":"closed","template":"","meta":{"footnotes":""},"class_list":["post-697","page","type-page","status-publish","hentry"],"_links":{"self":[{"href":"http:\/\/kristynasvihalkova.art\/cs\/wp-json\/wp\/v2\/pages\/697","targetHints":{"allow":["GET"]}}],"collection":[{"href":"http:\/\/kristynasvihalkova.art\/cs\/wp-json\/wp\/v2\/pages"}],"about":[{"href":"http:\/\/kristynasvihalkova.art\/cs\/wp-json\/wp\/v2\/types\/page"}],"author":[{"embeddable":true,"href":"http:\/\/kristynasvihalkova.art\/cs\/wp-json\/wp\/v2\/users\/1"}],"replies":[{"embeddable":true,"href":"http:\/\/kristynasvihalkova.art\/cs\/wp-json\/wp\/v2\/comments?post=697"}],"version-history":[{"count":9,"href":"http:\/\/kristynasvihalkova.art\/cs\/wp-json\/wp\/v2\/pages\/697\/revisions"}],"predecessor-version":[{"id":871,"href":"http:\/\/kristynasvihalkova.art\/cs\/wp-json\/wp\/v2\/pages\/697\/revisions\/871"}],"wp:attachment":[{"href":"http:\/\/kristynasvihalkova.art\/cs\/wp-json\/wp\/v2\/media?parent=697"}],"curies":[{"name":"wp","href":"https:\/\/api.w.org\/{rel}","templated":true}]}}